{"id":4074,"date":"2022-12-27T10:51:48","date_gmt":"2022-12-27T09:51:48","guid":{"rendered":"https:\/\/www.eurobottle.nl\/faq\/"},"modified":"2023-10-19T12:03:19","modified_gmt":"2023-10-19T10:03:19","slug":"faq","status":"publish","type":"page","link":"https:\/\/www.eurobottle.nl\/de\/faq\/","title":{"rendered":"FAQ"},"content":{"rendered":"<p>[et_pb_section fb_built=&#8220;1&#8243; disabled_on=&#8220;on|off|off&#8220; admin_label=&#8220;Header Desktop&#8220; _builder_version=&#8220;4.19.2&#8243; _module_preset=&#8220;default&#8220; background_image=&#8220;https:\/\/www.eurobottle.nl\/wp-content\/uploads\/2022\/12\/HeaderFietsen.jpg&#8220; global_colors_info=&#8220;{}&#8220;][et_pb_row _builder_version=&#8220;4.18.0&#8243; _module_preset=&#8220;default&#8220; custom_padding=&#8220;280px||||false|false&#8220; global_colors_info=&#8220;{}&#8220;][et_pb_column type=&#8220;4_4&#8243; _builder_version=&#8220;4.18.0&#8243; _module_preset=&#8220;default&#8220; global_colors_info=&#8220;{}&#8220;][et_pb_text _builder_version=&#8220;4.19.2&#8243; _module_preset=&#8220;default&#8220; header_text_color=&#8220;#FFFFFF&#8220; header_font_size=&#8220;65px&#8220; width_tablet=&#8220;&#8220; width_phone=&#8220;78%&#8220; width_last_edited=&#8220;on|phone&#8220; header_font_size_tablet=&#8220;65px&#8220; header_font_size_phone=&#8220;35px&#8220; header_font_size_last_edited=&#8220;on|phone&#8220; global_colors_info=&#8220;{}&#8220;]<\/p>\n<h1>H\u00e4ufig gestellte Fragen<\/h1>\n<p>[\/et_pb_text][et_pb_text disabled_on=&#8220;on|off|off&#8220; _builder_version=&#8220;4.19.2&#8243; _module_preset=&#8220;default&#8220; text_font=&#8220;Klavika-bold|300|||||||&#8220; text_text_color=&#8220;#FFFFFF&#8220; text_font_size=&#8220;20px&#8220; width=&#8220;48%&#8220; width_tablet=&#8220;78%&#8220; width_phone=&#8220;45%&#8220; width_last_edited=&#8220;on|tablet&#8220; global_colors_info=&#8220;{}&#8220;]<\/p>\n<p>Sie k\u00f6nnen es anhand der folgenden Fragen nicht herausfinden? Wenn ja, rufen Sie uns bitte an oder schicken Sie uns eine E-Mail an 0321 792 327 \/ info@eurobottle.nl<\/p>\n<p>[\/et_pb_text][\/et_pb_column][\/et_pb_row][\/et_pb_section][et_pb_section fb_built=&#8220;1&#8243; _builder_version=&#8220;4.16&#8243; global_colors_info=&#8220;{}&#8220;][et_pb_row _builder_version=&#8220;4.19.2&#8243; background_size=&#8220;initial&#8220; background_position=&#8220;top_left&#8220; background_repeat=&#8220;repeat&#8220; global_colors_info=&#8220;{}&#8220;][et_pb_column type=&#8220;4_4&#8243; _builder_version=&#8220;4.19.2&#8243; _module_preset=&#8220;default&#8220; global_colors_info=&#8220;{}&#8220;][et_pb_text _builder_version=&#8220;4.19.2&#8243; _module_preset=&#8220;default&#8220; global_colors_info=&#8220;{}&#8220;]<\/p>\n<h2><b>H\u00e4ufig gestellte Fragen an Eurobottle<\/b><\/h2>\n<p>Haben Sie eine Frage? Wir versuchen, diese so gut wie m\u00f6glich zu beantworten. Lesen Sie unten unsere h\u00e4ufig gestellten Fragen. Vermissen Sie nicht schon etwas? <a href=\"https:\/\/www.eurobottle.nl\/de\/kontakt\/\">Bitte kontaktieren Sie uns.<\/a><\/p>\n<p><strong>Sind Ihre Wasserflaschen lebensmittelecht?<\/strong><br \/>Eurobottle-Wasserflaschen werden ausgiebig auf Lebensmittelsicherheit getestet und entsprechen den neuesten europ\u00e4ischen Gesetzen und Vorschriften in diesem Bereich. Unsere Produktionsst\u00e4tte in Dronten ist f\u00fcr die Herstellung von lebensmittelsicheren Verpackungen zertifiziert (ISO22000:2005).<\/p>\n<p><strong>Enthalten Ihre Wasserflaschen BPA (Bisphenol A) oder Weichmacher?<\/strong><br \/>Bei der Herstellung unserer Produkte werden weder BPA noch Weichmacher verwendet.<\/p>\n<p><strong>Was ist Siebdruck?<\/strong><br \/>Der Siebdruck ist ein Schablonendruckverfahren. Bei diesem Verfahren werden lebensmittelechte Farben gemischt und mit einem Rakel durch ein Sieb auf die zu bedruckende Oberfl\u00e4che gedr\u00fcckt. Die verschiedenen Farben werden in Schichten \u00fcbereinander gedruckt, bis das gew\u00fcnschte Bild entstanden ist. Wasserflaschen mit diesem Aufdruck k\u00f6nnen einfach in die Sp\u00fclmaschine gestellt werden.<\/p>\n<p><strong>Wie kann ich die Wasserflasche am besten sauber halten?<\/strong><br \/>Es ist sehr wichtig, Wasserflaschen nach dem Gebrauch richtig zu reinigen. Eurobottle-Wasserflaschen haben eine gro\u00dfe Hals\u00f6ffnung und sind von hoher Qualit\u00e4t. Dadurch sind sie perfekt f\u00fcr die Reinigung in der Sp\u00fclmaschine geeignet. Nat\u00fcrlich k\u00f6nnen Sie die Wasserflasche auch mit der Hand waschen. Wir empfehlen au\u00dferdem, eine Wasserflasche vor dem ersten Gebrauch zu waschen.<\/p>\n<p><strong>Sind alle Modelle f\u00fcr einen Flaschenhalter geeignet?<\/strong><br \/>Alle 500ml- und 750ml-Wasserflaschen sowie die Team 1000 Slim passen in jeden Standard-Flaschenhalter.<\/p>\n<p><strong>Kann eine Wasserflasche hei\u00dfen\/hei\u00dfen Fl\u00fcssigkeiten standhalten?<\/strong><br \/>Eurobottle-Wasserflaschen sind nicht f\u00fcr Fl\u00fcssigkeiten geeignet, die hei\u00dfer als 40\u00b0C sind.<\/p>\n<p><strong>Wie kann ich mein Logo zum Druck einreichen?<\/strong><br \/>Schicken Sie Ihr Logo (oder einen kompletten Entwurf) zusammen mit Ihrer Anfrage als Vektordatei in Form einer Adobe Illustrator- oder PDF-Datei.<\/p>\n<p><strong>Mit welchem Farbsystem arbeiten Sie?<\/strong><br \/>Im Siebdruckverfahren arbeiten wir mit PMS-Farben. PMS steht f\u00fcr Pantone Matching System. Wenn keine Pantone-Farben verf\u00fcgbar sind, informieren wir Sie gerne.<\/p>\n<p><strong>Kann ich auch eine Metallicfarbe f\u00fcr meinen Druck w\u00e4hlen?<\/strong><br \/>Ja, das ist m\u00f6glich, wir bieten zwei Metallic-Farben an. N\u00e4mlich Silber (PMS 877 C) und Gold\/Bronze (PMS 871 C). Dies sind die einzigen beiden Farben, die wir in Metallic anbieten.<\/p>\n<p><strong>Aus wie vielen Farben kann der Siebdruck bestehen?<\/strong><br \/>Beim Siebdruck betr\u00e4gt die maximale Anzahl der PMS-Farben: 6. Es gibt eine Ausnahme, n\u00e4mlich f\u00fcr die 330ml Activity k\u00f6nnen wir maximal 2 Farben drucken. <\/p>\n<p><strong>Ich kann nicht die richtigen Dateien f\u00fcr den Siebdruck bereitstellen, ist das ein Problem?<\/strong><br \/>Nein, das ist kein Problem. Wir k\u00f6nnen dies f\u00fcr Sie tun. Wir werden alle zus\u00e4tzlichen Kosten im Voraus besprechen. Hinweis: Wir werden das Logo\/Design dann f\u00fcr Sie neu erstellen. Dies kann niemals zu 100 % dem Originalbild entsprechen. Nat\u00fcrlich streben wir nach dem besten Ergebnis.<\/p>\n<p><strong>Wie lange ist die Lieferzeit f\u00fcr bedruckte Wasserflaschen?<\/strong><br \/>F\u00fcr die aktuelle Lieferzeit empfehlen wir Ihnen, sich mit uns in Verbindung zu setzen.<\/p>\n<p>[\/et_pb_text][\/et_pb_column][\/et_pb_row][\/et_pb_section]<\/p>\n","protected":false},"excerpt":{"rendered":"<p>H\u00e4ufig gestellte FragenSie k\u00f6nnen es anhand der folgenden Fragen nicht herausfinden? Wenn ja, rufen Sie uns bitte an oder schicken Sie uns eine E-Mail an 0321 792 327 \/ info@eurobottle.nlH\u00e4ufig gestellte Fragen an Eurobottle Haben Sie eine Frage? Wir versuchen, diese so gut wie m\u00f6glich zu beantworten. Lesen Sie unten unsere h\u00e4ufig gestellten Fragen. Vermissen Sie nicht schon etwas? Bitte kontaktieren Sie uns. Sind Ihre Wasserflaschen lebensmittelecht?Eurobottle-Wasserflaschen werden ausgiebig auf Lebensmittelsicherheit getestet und entsprechen den neuesten europ\u00e4ischen Gesetzen und Vorschriften in diesem Bereich. Unsere Produktionsst\u00e4tte in Dronten ist f\u00fcr die Herstellung von lebensmittelsicheren Verpackungen zertifiziert (ISO22000:2005). Enthalten Ihre Wasserflaschen BPA (Bisphenol A) oder Weichmacher?Bei der Herstellung unserer Produkte werden weder BPA noch Weichmacher verwendet. Was ist Siebdruck?Der Siebdruck ist ein Schablonendruckverfahren. Bei diesem Verfahren werden lebensmittelechte Farben gemischt und mit einem Rakel durch ein Sieb auf die zu bedruckende Oberfl\u00e4che gedr\u00fcckt. Die verschiedenen Farben werden in Schichten \u00fcbereinander gedruckt, bis das gew\u00fcnschte Bild entstanden ist. Wasserflaschen mit diesem Aufdruck k\u00f6nnen einfach in die Sp\u00fclmaschine gestellt werden. Wie kann ich die Wasserflasche am besten sauber halten?Es ist sehr wichtig, Wasserflaschen nach dem Gebrauch richtig zu reinigen. Eurobottle-Wasserflaschen haben eine gro\u00dfe Hals\u00f6ffnung und sind von hoher Qualit\u00e4t. Dadurch sind sie perfekt f\u00fcr [&hellip;]<\/p>\n","protected":false},"author":1,"featured_media":0,"parent":0,"menu_order":0,"comment_status":"closed","ping_status":"closed","template":"","meta":{"_et_pb_use_builder":"on","_et_pb_old_content":"","_et_gb_content_width":"","_sitemap_exclude":false,"_sitemap_priority":"","_sitemap_frequency":"","footnotes":""},"class_list":["post-4074","page","type-page","status-publish","hentry"],"yoast_head":"<!-- This site is optimized with the Yoast SEO plugin v27.4 - https:\/\/yoast.com\/product\/yoast-seo-wordpress\/ -->\n<title>FAQ - Eurobottle<\/title>\n<meta name=\"robots\" content=\"noindex, nofollow\" \/>\n<meta property=\"og:locale\" content=\"de_DE\" \/>\n<meta property=\"og:type\" content=\"article\" \/>\n<meta property=\"og:title\" content=\"FAQ - Eurobottle\" \/>\n<meta property=\"og:description\" content=\"H\u00e4ufig gestellte FragenSie k\u00f6nnen es anhand der folgenden Fragen nicht herausfinden? Wenn ja, rufen Sie uns bitte an oder schicken Sie uns eine E-Mail an 0321 792 327 \/ info@eurobottle.nlH\u00e4ufig gestellte Fragen an Eurobottle Haben Sie eine Frage? Wir versuchen, diese so gut wie m\u00f6glich zu beantworten. Lesen Sie unten unsere h\u00e4ufig gestellten Fragen. Vermissen Sie nicht schon etwas? Bitte kontaktieren Sie uns. Sind Ihre Wasserflaschen lebensmittelecht?Eurobottle-Wasserflaschen werden ausgiebig auf Lebensmittelsicherheit getestet und entsprechen den neuesten europ\u00e4ischen Gesetzen und Vorschriften in diesem Bereich. Unsere Produktionsst\u00e4tte in Dronten ist f\u00fcr die Herstellung von lebensmittelsicheren Verpackungen zertifiziert (ISO22000:2005). Enthalten Ihre Wasserflaschen BPA (Bisphenol A) oder Weichmacher?Bei der Herstellung unserer Produkte werden weder BPA noch Weichmacher verwendet. Was ist Siebdruck?Der Siebdruck ist ein Schablonendruckverfahren. Bei diesem Verfahren werden lebensmittelechte Farben gemischt und mit einem Rakel durch ein Sieb auf die zu bedruckende Oberfl\u00e4che gedr\u00fcckt. Die verschiedenen Farben werden in Schichten \u00fcbereinander gedruckt, bis das gew\u00fcnschte Bild entstanden ist. Wasserflaschen mit diesem Aufdruck k\u00f6nnen einfach in die Sp\u00fclmaschine gestellt werden. Wie kann ich die Wasserflasche am besten sauber halten?Es ist sehr wichtig, Wasserflaschen nach dem Gebrauch richtig zu reinigen. Eurobottle-Wasserflaschen haben eine gro\u00dfe Hals\u00f6ffnung und sind von hoher Qualit\u00e4t. Dadurch sind sie perfekt f\u00fcr [&hellip;]\" \/>\n<meta property=\"og:url\" content=\"https:\/\/www.eurobottle.nl\/de\/faq\/\" \/>\n<meta property=\"og:site_name\" content=\"Eurobottle\" \/>\n<meta property=\"article:publisher\" content=\"https:\/\/www.facebook.com\/Eurobottle\/\" \/>\n<meta property=\"article:modified_time\" content=\"2023-10-19T10:03:19+00:00\" \/>\n<meta name=\"twitter:card\" content=\"summary_large_image\" \/>\n<meta name=\"twitter:label1\" content=\"Gesch\u00e4tzte Lesezeit\" \/>\n\t<meta name=\"twitter:data1\" content=\"4\u00a0Minuten\" \/>\n<script type=\"application\/ld+json\" class=\"yoast-schema-graph\">{\"@context\":\"https:\\\/\\\/schema.org\",\"@graph\":[{\"@type\":\"WebPage\",\"@id\":\"https:\\\/\\\/www.eurobottle.nl\\\/de\\\/faq\\\/\",\"url\":\"https:\\\/\\\/www.eurobottle.nl\\\/de\\\/faq\\\/\",\"name\":\"FAQ - Eurobottle\",\"isPartOf\":{\"@id\":\"https:\\\/\\\/www.eurobottle.nl\\\/de\\\/#website\"},\"datePublished\":\"2022-12-27T09:51:48+00:00\",\"dateModified\":\"2023-10-19T10:03:19+00:00\",\"breadcrumb\":{\"@id\":\"https:\\\/\\\/www.eurobottle.nl\\\/de\\\/faq\\\/#breadcrumb\"},\"inLanguage\":\"de\",\"potentialAction\":[{\"@type\":\"ReadAction\",\"target\":[\"https:\\\/\\\/www.eurobottle.nl\\\/de\\\/faq\\\/\"]}]},{\"@type\":\"BreadcrumbList\",\"@id\":\"https:\\\/\\\/www.eurobottle.nl\\\/de\\\/faq\\\/#breadcrumb\",\"itemListElement\":[{\"@type\":\"ListItem\",\"position\":1,\"name\":\"Home\",\"item\":\"https:\\\/\\\/www.eurobottle.nl\\\/de\\\/\"},{\"@type\":\"ListItem\",\"position\":2,\"name\":\"FAQ\"}]},{\"@type\":\"WebSite\",\"@id\":\"https:\\\/\\\/www.eurobottle.nl\\\/de\\\/#website\",\"url\":\"https:\\\/\\\/www.eurobottle.nl\\\/de\\\/\",\"name\":\"Eurobottle\",\"description\":\"Producent van duurzame bidons en waterflessen\",\"publisher\":{\"@id\":\"https:\\\/\\\/www.eurobottle.nl\\\/de\\\/#organization\"},\"potentialAction\":[{\"@type\":\"SearchAction\",\"target\":{\"@type\":\"EntryPoint\",\"urlTemplate\":\"https:\\\/\\\/www.eurobottle.nl\\\/de\\\/?s={search_term_string}\"},\"query-input\":{\"@type\":\"PropertyValueSpecification\",\"valueRequired\":true,\"valueName\":\"search_term_string\"}}],\"inLanguage\":\"de\"},{\"@type\":\"Organization\",\"@id\":\"https:\\\/\\\/www.eurobottle.nl\\\/de\\\/#organization\",\"name\":\"Eurobottle\",\"alternateName\":\"Eurobottle B.V.\",\"url\":\"https:\\\/\\\/www.eurobottle.nl\\\/de\\\/\",\"logo\":{\"@type\":\"ImageObject\",\"inLanguage\":\"de\",\"@id\":\"https:\\\/\\\/www.eurobottle.nl\\\/de\\\/#\\\/schema\\\/logo\\\/image\\\/\",\"url\":\"https:\\\/\\\/www.eurobottle.nl\\\/wp-content\\\/uploads\\\/2022\\\/09\\\/logo.png\",\"contentUrl\":\"https:\\\/\\\/www.eurobottle.nl\\\/wp-content\\\/uploads\\\/2022\\\/09\\\/logo.png\",\"width\":1020,\"height\":581,\"caption\":\"Eurobottle\"},\"image\":{\"@id\":\"https:\\\/\\\/www.eurobottle.nl\\\/de\\\/#\\\/schema\\\/logo\\\/image\\\/\"},\"sameAs\":[\"https:\\\/\\\/www.facebook.com\\\/Eurobottle\\\/\",\"https:\\\/\\\/www.instagram.com\\\/eurobottle\\\/\",\"https:\\\/\\\/www.linkedin.com\\\/company\\\/eurobottle\\\/\"]}]}<\/script>\n<!-- \/ Yoast SEO plugin. -->","yoast_head_json":{"title":"FAQ - Eurobottle","robots":{"index":"noindex","follow":"nofollow"},"og_locale":"de_DE","og_type":"article","og_title":"FAQ - Eurobottle","og_description":"H\u00e4ufig gestellte FragenSie k\u00f6nnen es anhand der folgenden Fragen nicht herausfinden? Wenn ja, rufen Sie uns bitte an oder schicken Sie uns eine E-Mail an 0321 792 327 \/ info@eurobottle.nlH\u00e4ufig gestellte Fragen an Eurobottle Haben Sie eine Frage? Wir versuchen, diese so gut wie m\u00f6glich zu beantworten. Lesen Sie unten unsere h\u00e4ufig gestellten Fragen. Vermissen Sie nicht schon etwas? Bitte kontaktieren Sie uns. Sind Ihre Wasserflaschen lebensmittelecht?Eurobottle-Wasserflaschen werden ausgiebig auf Lebensmittelsicherheit getestet und entsprechen den neuesten europ\u00e4ischen Gesetzen und Vorschriften in diesem Bereich. Unsere Produktionsst\u00e4tte in Dronten ist f\u00fcr die Herstellung von lebensmittelsicheren Verpackungen zertifiziert (ISO22000:2005). Enthalten Ihre Wasserflaschen BPA (Bisphenol A) oder Weichmacher?Bei der Herstellung unserer Produkte werden weder BPA noch Weichmacher verwendet. Was ist Siebdruck?Der Siebdruck ist ein Schablonendruckverfahren. Bei diesem Verfahren werden lebensmittelechte Farben gemischt und mit einem Rakel durch ein Sieb auf die zu bedruckende Oberfl\u00e4che gedr\u00fcckt. Die verschiedenen Farben werden in Schichten \u00fcbereinander gedruckt, bis das gew\u00fcnschte Bild entstanden ist. Wasserflaschen mit diesem Aufdruck k\u00f6nnen einfach in die Sp\u00fclmaschine gestellt werden. Wie kann ich die Wasserflasche am besten sauber halten?Es ist sehr wichtig, Wasserflaschen nach dem Gebrauch richtig zu reinigen. Eurobottle-Wasserflaschen haben eine gro\u00dfe Hals\u00f6ffnung und sind von hoher Qualit\u00e4t. Dadurch sind sie perfekt f\u00fcr [&hellip;]","og_url":"https:\/\/www.eurobottle.nl\/de\/faq\/","og_site_name":"Eurobottle","article_publisher":"https:\/\/www.facebook.com\/Eurobottle\/","article_modified_time":"2023-10-19T10:03:19+00:00","twitter_card":"summary_large_image","twitter_misc":{"Gesch\u00e4tzte Lesezeit":"4\u00a0Minuten"},"schema":{"@context":"https:\/\/schema.org","@graph":[{"@type":"WebPage","@id":"https:\/\/www.eurobottle.nl\/de\/faq\/","url":"https:\/\/www.eurobottle.nl\/de\/faq\/","name":"FAQ - Eurobottle","isPartOf":{"@id":"https:\/\/www.eurobottle.nl\/de\/#website"},"datePublished":"2022-12-27T09:51:48+00:00","dateModified":"2023-10-19T10:03:19+00:00","breadcrumb":{"@id":"https:\/\/www.eurobottle.nl\/de\/faq\/#breadcrumb"},"inLanguage":"de","potentialAction":[{"@type":"ReadAction","target":["https:\/\/www.eurobottle.nl\/de\/faq\/"]}]},{"@type":"BreadcrumbList","@id":"https:\/\/www.eurobottle.nl\/de\/faq\/#breadcrumb","itemListElement":[{"@type":"ListItem","position":1,"name":"Home","item":"https:\/\/www.eurobottle.nl\/de\/"},{"@type":"ListItem","position":2,"name":"FAQ"}]},{"@type":"WebSite","@id":"https:\/\/www.eurobottle.nl\/de\/#website","url":"https:\/\/www.eurobottle.nl\/de\/","name":"Eurobottle","description":"Producent van duurzame bidons en waterflessen","publisher":{"@id":"https:\/\/www.eurobottle.nl\/de\/#organization"},"potentialAction":[{"@type":"SearchAction","target":{"@type":"EntryPoint","urlTemplate":"https:\/\/www.eurobottle.nl\/de\/?s={search_term_string}"},"query-input":{"@type":"PropertyValueSpecification","valueRequired":true,"valueName":"search_term_string"}}],"inLanguage":"de"},{"@type":"Organization","@id":"https:\/\/www.eurobottle.nl\/de\/#organization","name":"Eurobottle","alternateName":"Eurobottle B.V.","url":"https:\/\/www.eurobottle.nl\/de\/","logo":{"@type":"ImageObject","inLanguage":"de","@id":"https:\/\/www.eurobottle.nl\/de\/#\/schema\/logo\/image\/","url":"https:\/\/www.eurobottle.nl\/wp-content\/uploads\/2022\/09\/logo.png","contentUrl":"https:\/\/www.eurobottle.nl\/wp-content\/uploads\/2022\/09\/logo.png","width":1020,"height":581,"caption":"Eurobottle"},"image":{"@id":"https:\/\/www.eurobottle.nl\/de\/#\/schema\/logo\/image\/"},"sameAs":["https:\/\/www.facebook.com\/Eurobottle\/","https:\/\/www.instagram.com\/eurobottle\/","https:\/\/www.linkedin.com\/company\/eurobottle\/"]}]}},"_links":{"self":[{"href":"https:\/\/www.eurobottle.nl\/de\/wp-json\/wp\/v2\/pages\/4074","targetHints":{"allow":["GET"]}}],"collection":[{"href":"https:\/\/www.eurobottle.nl\/de\/wp-json\/wp\/v2\/pages"}],"about":[{"href":"https:\/\/www.eurobottle.nl\/de\/wp-json\/wp\/v2\/types\/page"}],"author":[{"embeddable":true,"href":"https:\/\/www.eurobottle.nl\/de\/wp-json\/wp\/v2\/users\/1"}],"replies":[{"embeddable":true,"href":"https:\/\/www.eurobottle.nl\/de\/wp-json\/wp\/v2\/comments?post=4074"}],"version-history":[{"count":11,"href":"https:\/\/www.eurobottle.nl\/de\/wp-json\/wp\/v2\/pages\/4074\/revisions"}],"predecessor-version":[{"id":7221,"href":"https:\/\/www.eurobottle.nl\/de\/wp-json\/wp\/v2\/pages\/4074\/revisions\/7221"}],"wp:attachment":[{"href":"https:\/\/www.eurobottle.nl\/de\/wp-json\/wp\/v2\/media?parent=4074"}],"curies":[{"name":"wp","href":"https:\/\/api.w.org\/{rel}","templated":true}]}}