{"id":8559,"date":"2024-02-12T10:14:32","date_gmt":"2024-02-12T09:14:32","guid":{"rendered":"https:\/\/www.eurobottle.nl\/downloads\/"},"modified":"2025-12-11T17:02:36","modified_gmt":"2025-12-11T16:02:36","slug":"downloads","status":"publish","type":"page","link":"https:\/\/www.eurobottle.nl\/de\/downloads\/","title":{"rendered":"Downloads"},"content":{"rendered":"<p>[et_pb_section fb_built=&#8220;1&#8243; disabled_on=&#8220;on|off|off&#8220; admin_label=&#8220;Header Desktop&#8220; _builder_version=&#8220;4.23&#8243; _module_preset=&#8220;default&#8220; background_color=&#8220;#F3F4F6&#8243; background_image=&#8220;https:\/\/www.eurobottle.nl\/wp-content\/uploads\/2024\/02\/EurobottlePromoBottle.jpg&#8220; global_colors_info=&#8220;{}&#8220;][et_pb_row _builder_version=&#8220;4.23&#8243; _module_preset=&#8220;default&#8220; custom_padding=&#8220;280px||||false|false&#8220; global_colors_info=&#8220;{}&#8220;][et_pb_column type=&#8220;4_4&#8243; _builder_version=&#8220;4.18.0&#8243; _module_preset=&#8220;default&#8220; global_colors_info=&#8220;{}&#8220;][et_pb_text _builder_version=&#8220;4.23&#8243; _module_preset=&#8220;default&#8220; header_text_color=&#8220;#FFFFFF&#8220; header_font_size=&#8220;65px&#8220; width_tablet=&#8220;&#8220; width_phone=&#8220;78%&#8220; width_last_edited=&#8220;on|phone&#8220; header_font_size_tablet=&#8220;65px&#8220; header_font_size_phone=&#8220;35px&#8220; header_font_size_last_edited=&#8220;on|phone&#8220; global_colors_info=&#8220;{}&#8220;]<\/p>\n<h1>Laden Sie verschiedene Dokumente herunter<\/h1>\n<p>[\/et_pb_text][\/et_pb_column][\/et_pb_row][\/et_pb_section][et_pb_section fb_built=&#8220;1&#8243; disabled_on=&#8220;off|on|on&#8220; admin_label=&#8220;Header Mobile&#8220; _builder_version=&#8220;4.23&#8243; _module_preset=&#8220;default&#8220; background_image=&#8220;https:\/\/www.eurobottle.nl\/wp-content\/uploads\/2024\/02\/EurobottlePromoBottle.jpg&#8220; background_position=&#8220;bottom_left&#8220; background_horizontal_offset=&#8220;25%&#8220; global_colors_info=&#8220;{}&#8220;][et_pb_row custom_padding_last_edited=&#8220;on|phone&#8220; _builder_version=&#8220;4.18.0&#8243; _module_preset=&#8220;default&#8220; custom_padding_tablet=&#8220;&#8220; custom_padding_phone=&#8220;300px||||false|false&#8220; global_colors_info=&#8220;{}&#8220;][et_pb_column type=&#8220;4_4&#8243; _builder_version=&#8220;4.18.0&#8243; _module_preset=&#8220;default&#8220; global_colors_info=&#8220;{}&#8220;][et_pb_text admin_label=&#8220;Tekst&#8220; _builder_version=&#8220;4.23&#8243; _module_preset=&#8220;default&#8220; header_text_color=&#8220;#FFFFFF&#8220; header_font_size=&#8220;65px&#8220; width_tablet=&#8220;&#8220; width_phone=&#8220;74%&#8220; width_last_edited=&#8220;on|phone&#8220; header_font_size_tablet=&#8220;65px&#8220; header_font_size_phone=&#8220;35px&#8220; header_font_size_last_edited=&#8220;on|phone&#8220; locked=&#8220;off&#8220; global_colors_info=&#8220;{}&#8220;]<\/p>\n<h1>Downloads<\/h1>\n<p>[\/et_pb_text][\/et_pb_column][\/et_pb_row][\/et_pb_section][et_pb_section fb_built=&#8220;1&#8243; _builder_version=&#8220;4.23&#8243; _module_preset=&#8220;default&#8220; global_colors_info=&#8220;{}&#8220;][et_pb_row column_structure=&#8220;1_2,1_2&#8243; _builder_version=&#8220;4.23&#8243; _module_preset=&#8220;default&#8220; global_colors_info=&#8220;{}&#8220;][et_pb_column type=&#8220;1_2&#8243; _builder_version=&#8220;4.23&#8243; _module_preset=&#8220;default&#8220; global_colors_info=&#8220;{}&#8220;][et_pb_text _builder_version=&#8220;4.27.4&#8243; _module_preset=&#8220;default&#8220; custom_padding=&#8220;||||false|false&#8220; global_colors_info=&#8220;{}&#8220;]<\/p>\n<h3>Vorlagen f\u00fcr die Formatierung<\/h3>\n<p>M\u00f6chten Sie das Design selbst liefern? Das ist nat\u00fcrlich m\u00f6glich! Verwenden Sie die unten stehenden Vorlagen f\u00fcr jede Art von Produkt, um diese Dateien auf die richtige Weise zu liefern.<\/p>\n<p><strong>Activity &#8211; Flasche<\/strong><\/p>\n<ul>\n<li><a target=\"_blank\" href=\"https:\/\/www.eurobottle.nl\/wp-content\/uploads\/2025\/08\/Design-Template-330-ML-Activity.pdf\">330 ML &#8211; Activity<\/a><\/li>\n<li><a target=\"_blank\" href=\"https:\/\/www.eurobottle.nl\/wp-content\/uploads\/2025\/08\/Design-Template-500-ML-Activity.pdf\">500 ML &#8211; Activity<\/a><\/li>\n<li><a target=\"_blank\" href=\"https:\/\/www.eurobottle.nl\/wp-content\/uploads\/2025\/08\/Design-Template-750-ML-Activity.pdf\">750 ML &#8211; Activity<\/a><\/li>\n<\/ul>\n<p><strong>Gripper &#8211; Flasche<\/strong><\/p>\n<ul>\n<li><a target=\"_blank\" href=\"https:\/\/www.eurobottle.nl\/wp-content\/uploads\/2025\/08\/Design-Template-500-ML-Gripper.pdf\">500 ML &#8211; Gripper<\/a><\/li>\n<li><a target=\"_blank\" href=\"https:\/\/www.eurobottle.nl\/wp-content\/uploads\/2025\/08\/Design-Template-750-ML-Gripper.pdf\">750 ML &#8211; Gripper<\/a><\/li>\n<\/ul>\n<p><strong>Team &#8211; Flasche<\/strong><\/p>\n<ul>\n<li><a target=\"_blank\" href=\"https:\/\/www.eurobottle.nl\/wp-content\/uploads\/2025\/08\/Design-Template-500-ML-Team.pdf\">500 ML &#8211; Team<\/a><\/li>\n<li><a target=\"_blank\" href=\"https:\/\/www.eurobottle.nl\/wp-content\/uploads\/2025\/08\/Design-Template-750-ML-Team.pdf\">750 ML &#8211; Team<\/a><\/li>\n<li><a target=\"_blank\" href=\"https:\/\/www.eurobottle.nl\/wp-content\/uploads\/2025\/08\/Design-Template-1000-ML-Team-Slim.pdf\">1000 ML &#8211; Team<\/a><\/li>\n<\/ul>\n<p><strong>Andere<\/strong><\/p>\n<ul>\n<li><a target=\"_blank\" href=\"https:\/\/www.eurobottle.nl\/wp-content\/uploads\/2025\/08\/Design-Template-Oasus.pdf\">Oasus Trinkflasche<\/a><\/li>\n<li><a target=\"_blank\" href=\"https:\/\/www.eurobottle.nl\/wp-content\/uploads\/2025\/08\/Design-Template-Bottle-Carrier.pdf\">Flaschenkiste<\/a><\/li>\n<li><a target=\"_blank\" href=\"https:\/\/www.eurobottle.nl\/wp-content\/uploads\/2024\/02\/350-ML-Shaker.pdf\">350 ML &#8211; Sch\u00fcttler<\/a><a href=\"https:\/\/www.eurobottle.nl\/wp-content\/uploads\/2024\/02\/Bottle-carrier.pdf\"><\/a><\/li>\n<\/ul>\n<p>&nbsp;[\/et_pb_text][\/et_pb_column][et_pb_column type=&#8220;1_2&#8243; _builder_version=&#8220;4.23&#8243; _module_preset=&#8220;default&#8220; global_colors_info=&#8220;{}&#8220;][et_pb_image src=&#8220;https:\/\/www.eurobottle.nl\/wp-content\/uploads\/2025\/08\/Bidon750Gripper.png&#8220; alt=&#8220;Bidon 750 ML Gripper&#8220; title_text=&#8220;Bidon750Gripper&#8220; _builder_version=&#8220;4.27.4&#8243; _module_preset=&#8220;default&#8220; custom_padding=&#8220;||0px|||&#8220; global_colors_info=&#8220;{}&#8220;][\/et_pb_image][\/et_pb_column][\/et_pb_row][et_pb_row column_structure=&#8220;1_2,1_2&#8243; _builder_version=&#8220;4.23&#8243; _module_preset=&#8220;default&#8220; global_colors_info=&#8220;{}&#8220;][et_pb_column type=&#8220;1_2&#8243; _builder_version=&#8220;4.23&#8243; _module_preset=&#8220;default&#8220; global_colors_info=&#8220;{}&#8220;][et_pb_image src=&#8220;https:\/\/www.eurobottle.nl\/wp-content\/uploads\/2022\/10\/Familie-afbeelding-750ml-Team.png&#8220; alt=&#8220;Image 750ml Team&#8220; title_text=&#8220;Image 750ml Team&#8220; _builder_version=&#8220;4.23&#8243; _module_preset=&#8220;default&#8220; global_colors_info=&#8220;{}&#8220;][\/et_pb_image][\/et_pb_column][et_pb_column type=&#8220;1_2&#8243; _builder_version=&#8220;4.23&#8243; _module_preset=&#8220;default&#8220; global_colors_info=&#8220;{}&#8220;][et_pb_text _builder_version=&#8220;4.27.4&#8243; _module_preset=&#8220;default&#8220; custom_padding=&#8220;||||false|false&#8220; global_colors_info=&#8220;{}&#8220;]<\/p>\n<h3>Dokumentation<\/h3>\n<ul>\n<li><a target=\"_blank\" href=\"https:\/\/www.eurobottle.nl\/wp-content\/uploads\/2025\/11\/Travel-Guide-Eurobottle.pdf\" rel=\"noopener\">Travel Guide &#8211; Our Journey towards the most Sustainable Product<\/a><\/li>\n<li><a target=\"_blank\" href=\"https:\/\/www.eurobottle.nl\/wp-content\/uploads\/2023\/12\/nrk-gedragscode.pdf\" rel=\"noopener\">NRK-Verhaltenskodex (NL)<\/a><\/li>\n<li><a target=\"_blank\" href=\"https:\/\/www.eurobottle.nl\/wp-content\/uploads\/2024\/02\/unicef_bussiness_buddies_certificate.pdf\" rel=\"noopener\" style=\"font-size: 14px;\">UNICEF Business Buddies-Zertifikat (NL)<\/a><\/li>\n<li><a target=\"_blank\" href=\"https:\/\/www.eurobottle.nl\/wp-content\/uploads\/2022\/10\/Packaging-Data-File-Eurobottle-V201230-3-1-1.pdf\" rel=\"noopener\">Packaging data (ENG)<\/a><\/li>\n<li><a target=\"_blank\" href=\"https:\/\/www.eurobottle.nl\/wp-content\/uploads\/2022\/10\/Algemene-Voorwaarden-Eurobottle-BV-1-0-2016-NL-1.pdf\" rel=\"noopener\">Gesch\u00e4ftsbedingungen (ENG)<\/a><\/li>\n<li><a target=\"_blank\" href=\"https:\/\/www.eurobottle.nl\/wp-content\/uploads\/2025\/04\/Eurobottle-Declaration-GPSR.pdf\" rel=\"noopener\">Declaration GPSR<\/a><\/li>\n<\/ul>\n<p>&nbsp;<\/p>\n<h3>G\u00fctesiegel f\u00fcr die Produktion<\/h3>\n<p>Eurobottle ist mit Flestic unter einem <a href=\"https:\/\/flestic.com\/\">Flestic<\/a>. Dadurch haben wir eine optimale Kontrolle \u00fcber den <a href=\"https:\/\/www.eurobottle.nl\/over-ons\/eigen-productie\/\">Produktionsprozess<\/a>. Um dies messbar, transparent und greifbar zu machen, lassen wir unser Qualit\u00e4tsmanagementsystem nach der Norm ISO 9001:2015 und das Lebensmittelsicherheitsmanagementsystem nach der Norm ISO 22000:2005 von einer externen Stelle zertifizieren.<\/p>\n<ul>\n<li><a target=\"_blank\" href=\"https:\/\/www.eurobottle.nl\/wp-content\/uploads\/2024\/02\/iso9001.pdf\" rel=\"noopener\">ISO-9001-Zertifikat Flestic<\/a><\/li>\n<li><a target=\"_blank\" href=\"https:\/\/www.eurobottle.nl\/wp-content\/uploads\/2024\/02\/iso22000.pdf\" rel=\"noopener\">ISO-22000-Zertifikat Flestic<\/a><\/li>\n<\/ul>\n<p>&nbsp;<\/p>\n<p>[\/et_pb_text][\/et_pb_column][\/et_pb_row][\/et_pb_section]<\/p>\n","protected":false},"excerpt":{"rendered":"<p>Laden Sie verschiedene Dokumente herunterDownloadsVorlagen f\u00fcr die Formatierung M\u00f6chten Sie das Design selbst liefern? Das ist nat\u00fcrlich m\u00f6glich! Verwenden Sie die unten stehenden Vorlagen f\u00fcr jede Art von Produkt, um diese Dateien auf die richtige Weise zu liefern. Activity &#8211; Flasche 330 ML &#8211; Activity 500 ML &#8211; Activity 750 ML &#8211; Activity Gripper &#8211; Flasche 500 ML &#8211; Gripper 750 ML &#8211; Gripper Team &#8211; Flasche 500 ML &#8211; Team 750 ML &#8211; Team 1000 ML &#8211; Team Andere Oasus Trinkflasche Flaschenkiste 350 ML &#8211; Sch\u00fcttler &nbsp;Dokumentation Travel Guide &#8211; Our Journey towards the most Sustainable Product NRK-Verhaltenskodex (NL) UNICEF Business Buddies-Zertifikat (NL) Packaging data (ENG) Gesch\u00e4ftsbedingungen (ENG) Declaration GPSR &nbsp; G\u00fctesiegel f\u00fcr die Produktion Eurobottle ist mit Flestic unter einem Flestic. Dadurch haben wir eine optimale Kontrolle \u00fcber den Produktionsprozess. Um dies messbar, transparent und greifbar zu machen, lassen wir unser Qualit\u00e4tsmanagementsystem nach der Norm ISO 9001:2015 und das Lebensmittelsicherheitsmanagementsystem nach der Norm ISO 22000:2005 von einer externen Stelle zertifizieren. ISO-9001-Zertifikat Flestic ISO-22000-Zertifikat Flestic &nbsp;<\/p>\n","protected":false},"author":2,"featured_media":0,"parent":0,"menu_order":0,"comment_status":"closed","ping_status":"closed","template":"","meta":{"_et_pb_use_builder":"on","_et_pb_old_content":"","_et_gb_content_width":"","_sitemap_exclude":false,"_sitemap_priority":"","_sitemap_frequency":"","footnotes":""},"class_list":["post-8559","page","type-page","status-publish","hentry"],"yoast_head":"<!-- This site is optimized with the Yoast SEO plugin v27.3 - https:\/\/yoast.com\/product\/yoast-seo-wordpress\/ -->\n<title>Downloads - Eurobottle<\/title>\n<meta name=\"robots\" content=\"index, follow, max-snippet:-1, max-image-preview:large, max-video-preview:-1\" \/>\n<link rel=\"canonical\" href=\"https:\/\/www.eurobottle.nl\/de\/downloads\/\" \/>\n<meta property=\"og:locale\" content=\"de_DE\" \/>\n<meta property=\"og:type\" content=\"article\" \/>\n<meta property=\"og:title\" content=\"Downloads - Eurobottle\" \/>\n<meta property=\"og:description\" content=\"Laden Sie verschiedene Dokumente herunterDownloadsVorlagen f\u00fcr die Formatierung M\u00f6chten Sie das Design selbst liefern? Das ist nat\u00fcrlich m\u00f6glich! Verwenden Sie die unten stehenden Vorlagen f\u00fcr jede Art von Produkt, um diese Dateien auf die richtige Weise zu liefern. Activity - Flasche 330 ML - Activity 500 ML - Activity 750 ML - Activity Gripper - Flasche 500 ML - Gripper 750 ML - Gripper Team - Flasche 500 ML - Team 750 ML - Team 1000 ML - Team Andere Oasus Trinkflasche Flaschenkiste 350 ML - Sch\u00fcttler &nbsp;Dokumentation Travel Guide - Our Journey towards the most Sustainable Product NRK-Verhaltenskodex (NL) UNICEF Business Buddies-Zertifikat (NL) Packaging data (ENG) Gesch\u00e4ftsbedingungen (ENG) Declaration GPSR &nbsp; G\u00fctesiegel f\u00fcr die Produktion Eurobottle ist mit Flestic unter einem Flestic. Dadurch haben wir eine optimale Kontrolle \u00fcber den Produktionsprozess. Um dies messbar, transparent und greifbar zu machen, lassen wir unser Qualit\u00e4tsmanagementsystem nach der Norm ISO 9001:2015 und das Lebensmittelsicherheitsmanagementsystem nach der Norm ISO 22000:2005 von einer externen Stelle zertifizieren. ISO-9001-Zertifikat Flestic ISO-22000-Zertifikat Flestic &nbsp;\" \/>\n<meta property=\"og:url\" content=\"https:\/\/www.eurobottle.nl\/de\/downloads\/\" \/>\n<meta property=\"og:site_name\" content=\"Eurobottle\" \/>\n<meta property=\"article:publisher\" content=\"https:\/\/www.facebook.com\/Eurobottle\/\" \/>\n<meta property=\"article:modified_time\" content=\"2025-12-11T16:02:36+00:00\" \/>\n<meta name=\"twitter:card\" content=\"summary_large_image\" \/>\n<meta name=\"twitter:label1\" content=\"Gesch\u00e4tzte Lesezeit\" \/>\n\t<meta name=\"twitter:data1\" content=\"3\u00a0Minuten\" \/>\n<script type=\"application\/ld+json\" class=\"yoast-schema-graph\">{\"@context\":\"https:\\\/\\\/schema.org\",\"@graph\":[{\"@type\":\"WebPage\",\"@id\":\"https:\\\/\\\/www.eurobottle.nl\\\/de\\\/downloads\\\/\",\"url\":\"https:\\\/\\\/www.eurobottle.nl\\\/de\\\/downloads\\\/\",\"name\":\"Downloads - Eurobottle\",\"isPartOf\":{\"@id\":\"https:\\\/\\\/www.eurobottle.nl\\\/de\\\/#website\"},\"datePublished\":\"2024-02-12T09:14:32+00:00\",\"dateModified\":\"2025-12-11T16:02:36+00:00\",\"breadcrumb\":{\"@id\":\"https:\\\/\\\/www.eurobottle.nl\\\/de\\\/downloads\\\/#breadcrumb\"},\"inLanguage\":\"de\",\"potentialAction\":[{\"@type\":\"ReadAction\",\"target\":[\"https:\\\/\\\/www.eurobottle.nl\\\/de\\\/downloads\\\/\"]}]},{\"@type\":\"BreadcrumbList\",\"@id\":\"https:\\\/\\\/www.eurobottle.nl\\\/de\\\/downloads\\\/#breadcrumb\",\"itemListElement\":[{\"@type\":\"ListItem\",\"position\":1,\"name\":\"Home\",\"item\":\"https:\\\/\\\/www.eurobottle.nl\\\/de\\\/\"},{\"@type\":\"ListItem\",\"position\":2,\"name\":\"Downloads\"}]},{\"@type\":\"WebSite\",\"@id\":\"https:\\\/\\\/www.eurobottle.nl\\\/de\\\/#website\",\"url\":\"https:\\\/\\\/www.eurobottle.nl\\\/de\\\/\",\"name\":\"Eurobottle\",\"description\":\"Producent van duurzame bidons en waterflessen\",\"publisher\":{\"@id\":\"https:\\\/\\\/www.eurobottle.nl\\\/de\\\/#organization\"},\"potentialAction\":[{\"@type\":\"SearchAction\",\"target\":{\"@type\":\"EntryPoint\",\"urlTemplate\":\"https:\\\/\\\/www.eurobottle.nl\\\/de\\\/?s={search_term_string}\"},\"query-input\":{\"@type\":\"PropertyValueSpecification\",\"valueRequired\":true,\"valueName\":\"search_term_string\"}}],\"inLanguage\":\"de\"},{\"@type\":\"Organization\",\"@id\":\"https:\\\/\\\/www.eurobottle.nl\\\/de\\\/#organization\",\"name\":\"Eurobottle\",\"alternateName\":\"Eurobottle B.V.\",\"url\":\"https:\\\/\\\/www.eurobottle.nl\\\/de\\\/\",\"logo\":{\"@type\":\"ImageObject\",\"inLanguage\":\"de\",\"@id\":\"https:\\\/\\\/www.eurobottle.nl\\\/de\\\/#\\\/schema\\\/logo\\\/image\\\/\",\"url\":\"https:\\\/\\\/www.eurobottle.nl\\\/wp-content\\\/uploads\\\/2022\\\/09\\\/logo.png\",\"contentUrl\":\"https:\\\/\\\/www.eurobottle.nl\\\/wp-content\\\/uploads\\\/2022\\\/09\\\/logo.png\",\"width\":1020,\"height\":581,\"caption\":\"Eurobottle\"},\"image\":{\"@id\":\"https:\\\/\\\/www.eurobottle.nl\\\/de\\\/#\\\/schema\\\/logo\\\/image\\\/\"},\"sameAs\":[\"https:\\\/\\\/www.facebook.com\\\/Eurobottle\\\/\",\"https:\\\/\\\/www.instagram.com\\\/eurobottle\\\/\",\"https:\\\/\\\/www.linkedin.com\\\/company\\\/eurobottle\\\/\"]}]}<\/script>\n<!-- \/ Yoast SEO plugin. -->","yoast_head_json":{"title":"Downloads - Eurobottle","robots":{"index":"index","follow":"follow","max-snippet":"max-snippet:-1","max-image-preview":"max-image-preview:large","max-video-preview":"max-video-preview:-1"},"canonical":"https:\/\/www.eurobottle.nl\/de\/downloads\/","og_locale":"de_DE","og_type":"article","og_title":"Downloads - Eurobottle","og_description":"Laden Sie verschiedene Dokumente herunterDownloadsVorlagen f\u00fcr die Formatierung M\u00f6chten Sie das Design selbst liefern? Das ist nat\u00fcrlich m\u00f6glich! Verwenden Sie die unten stehenden Vorlagen f\u00fcr jede Art von Produkt, um diese Dateien auf die richtige Weise zu liefern. Activity - Flasche 330 ML - Activity 500 ML - Activity 750 ML - Activity Gripper - Flasche 500 ML - Gripper 750 ML - Gripper Team - Flasche 500 ML - Team 750 ML - Team 1000 ML - Team Andere Oasus Trinkflasche Flaschenkiste 350 ML - Sch\u00fcttler &nbsp;Dokumentation Travel Guide - Our Journey towards the most Sustainable Product NRK-Verhaltenskodex (NL) UNICEF Business Buddies-Zertifikat (NL) Packaging data (ENG) Gesch\u00e4ftsbedingungen (ENG) Declaration GPSR &nbsp; G\u00fctesiegel f\u00fcr die Produktion Eurobottle ist mit Flestic unter einem Flestic. Dadurch haben wir eine optimale Kontrolle \u00fcber den Produktionsprozess. Um dies messbar, transparent und greifbar zu machen, lassen wir unser Qualit\u00e4tsmanagementsystem nach der Norm ISO 9001:2015 und das Lebensmittelsicherheitsmanagementsystem nach der Norm ISO 22000:2005 von einer externen Stelle zertifizieren. ISO-9001-Zertifikat Flestic ISO-22000-Zertifikat Flestic &nbsp;","og_url":"https:\/\/www.eurobottle.nl\/de\/downloads\/","og_site_name":"Eurobottle","article_publisher":"https:\/\/www.facebook.com\/Eurobottle\/","article_modified_time":"2025-12-11T16:02:36+00:00","twitter_card":"summary_large_image","twitter_misc":{"Gesch\u00e4tzte Lesezeit":"3\u00a0Minuten"},"schema":{"@context":"https:\/\/schema.org","@graph":[{"@type":"WebPage","@id":"https:\/\/www.eurobottle.nl\/de\/downloads\/","url":"https:\/\/www.eurobottle.nl\/de\/downloads\/","name":"Downloads - Eurobottle","isPartOf":{"@id":"https:\/\/www.eurobottle.nl\/de\/#website"},"datePublished":"2024-02-12T09:14:32+00:00","dateModified":"2025-12-11T16:02:36+00:00","breadcrumb":{"@id":"https:\/\/www.eurobottle.nl\/de\/downloads\/#breadcrumb"},"inLanguage":"de","potentialAction":[{"@type":"ReadAction","target":["https:\/\/www.eurobottle.nl\/de\/downloads\/"]}]},{"@type":"BreadcrumbList","@id":"https:\/\/www.eurobottle.nl\/de\/downloads\/#breadcrumb","itemListElement":[{"@type":"ListItem","position":1,"name":"Home","item":"https:\/\/www.eurobottle.nl\/de\/"},{"@type":"ListItem","position":2,"name":"Downloads"}]},{"@type":"WebSite","@id":"https:\/\/www.eurobottle.nl\/de\/#website","url":"https:\/\/www.eurobottle.nl\/de\/","name":"Eurobottle","description":"Producent van duurzame bidons en waterflessen","publisher":{"@id":"https:\/\/www.eurobottle.nl\/de\/#organization"},"potentialAction":[{"@type":"SearchAction","target":{"@type":"EntryPoint","urlTemplate":"https:\/\/www.eurobottle.nl\/de\/?s={search_term_string}"},"query-input":{"@type":"PropertyValueSpecification","valueRequired":true,"valueName":"search_term_string"}}],"inLanguage":"de"},{"@type":"Organization","@id":"https:\/\/www.eurobottle.nl\/de\/#organization","name":"Eurobottle","alternateName":"Eurobottle B.V.","url":"https:\/\/www.eurobottle.nl\/de\/","logo":{"@type":"ImageObject","inLanguage":"de","@id":"https:\/\/www.eurobottle.nl\/de\/#\/schema\/logo\/image\/","url":"https:\/\/www.eurobottle.nl\/wp-content\/uploads\/2022\/09\/logo.png","contentUrl":"https:\/\/www.eurobottle.nl\/wp-content\/uploads\/2022\/09\/logo.png","width":1020,"height":581,"caption":"Eurobottle"},"image":{"@id":"https:\/\/www.eurobottle.nl\/de\/#\/schema\/logo\/image\/"},"sameAs":["https:\/\/www.facebook.com\/Eurobottle\/","https:\/\/www.instagram.com\/eurobottle\/","https:\/\/www.linkedin.com\/company\/eurobottle\/"]}]}},"_links":{"self":[{"href":"https:\/\/www.eurobottle.nl\/de\/wp-json\/wp\/v2\/pages\/8559","targetHints":{"allow":["GET"]}}],"collection":[{"href":"https:\/\/www.eurobottle.nl\/de\/wp-json\/wp\/v2\/pages"}],"about":[{"href":"https:\/\/www.eurobottle.nl\/de\/wp-json\/wp\/v2\/types\/page"}],"author":[{"embeddable":true,"href":"https:\/\/www.eurobottle.nl\/de\/wp-json\/wp\/v2\/users\/2"}],"replies":[{"embeddable":true,"href":"https:\/\/www.eurobottle.nl\/de\/wp-json\/wp\/v2\/comments?post=8559"}],"version-history":[{"count":22,"href":"https:\/\/www.eurobottle.nl\/de\/wp-json\/wp\/v2\/pages\/8559\/revisions"}],"predecessor-version":[{"id":12085,"href":"https:\/\/www.eurobottle.nl\/de\/wp-json\/wp\/v2\/pages\/8559\/revisions\/12085"}],"wp:attachment":[{"href":"https:\/\/www.eurobottle.nl\/de\/wp-json\/wp\/v2\/media?parent=8559"}],"curies":[{"name":"wp","href":"https:\/\/api.w.org\/{rel}","templated":true}]}}